{"id":1568,"date":"2021-05-25T19:19:23","date_gmt":"2021-05-25T17:19:23","guid":{"rendered":"https:\/\/hannes.enjoys.it\/blog\/?page_id=1568"},"modified":"2023-02-12T20:28:52","modified_gmt":"2023-02-12T19:28:52","slug":"fossgis-jeopardy-2021","status":"publish","type":"page","link":"https:\/\/hannes.enjoys.it\/blog\/fossgis-jeopardy-2021\/","title":{"rendered":"FOSSGIS-Jeopardy 2021"},"content":{"rendered":"\n<p><a href=\"https:\/\/pretalx.com\/fossgis2021\/speaker\/9S37PN\/\">Charlotte Pusch<\/a> und <a href=\"https:\/\/pretalx.com\/fossgis2021\/speaker\/VEHRRN\/\">ich<\/a> hosten auf der diesj\u00e4hrigen FOSSGIS-Konferenz ein <a href=\"https:\/\/de.wikipedia.org\/wiki\/Jeopardy!\">Jeopardy<\/a>-Quiz ganz im Stil des <a href=\"https:\/\/www.youtube.com\/watch?v=PsexI8pVg0g\">2019er OSM-Quiz<\/a> bzw. des legend\u00e4ren <a href=\"https:\/\/media.ccc.de\/search\/?q=+Hacker+Jeopardy+\">Hacker-Jeopardy<\/a>. Jeweils am Ende des regul\u00e4ren Konferenztages um 17:30 am <a href=\"https:\/\/fossgis-konferenz.de\/2021\/sessions\/DSXKQN.php\">Montag<\/a> und <a href=\"https:\/\/fossgis-konferenz.de\/2021\/sessions\/AWSQZ7.php\">Dienstag<\/a>. Hier mal Informationen zum Ablauf, zur Anmeldung und zu den <em>grandiosen<\/em> Preisen.<\/p>\n\n\n\n<h2 class=\"wp-block-heading\">Genereller Ablauf<\/h2>\n\n\n\n<p>Jeopardy ist ein ungekehrtes Frage-Antwort-Spiel. Es erscheint eine Aussage oder ein Bild und die SpielerInnen versuchen, die passende Frage zu wissen. Klingt komplizierter als es ist. Zum Beispiel k\u00f6nnte eine Aussage sein &#8220;Dieser Verein veranstaltet die FOSSGIS-Konferenz&#8221; und eine richtige Frage dazu w\u00e4re &#8220;Was ist der FOSSGIS-Verein&#8221;. Die Aufgaben sind unterschiedlich viele Punkte wert und am Ende gewinnt der\/die SpielerIn mit den meisten Punkten.<\/p>\n\n\n\n<p>Wir planen je Tag mindestens eine Runde zu spielen, mit bis zu vier TeilnehmerInnen. Insgesamt k\u00f6nnen also mindestens 8 Personen mit Humor und Spa\u00df ihr Wissen auf die Probe stellen. Falls das Interesse sehr hoch ist, k\u00f6nnen wir auch eine weitere Runde spielen, also bitte ohne Hemmungen anmelden. Alle anderen KonferenzteilnehmerInnen k\u00f6nnen sich zur\u00fccklehnen und das Spiel per Stream auf B\u00fchne 1 live mitverfolgen.<\/p>\n\n\n<div class=\"wp-block-image\">\n<figure class=\"alignright size-large\"><img loading=\"lazy\" decoding=\"async\" width=\"400\" height=\"238\" src=\"https:\/\/hannes.enjoys.it\/blog\/wp-content\/uploads\/image-27.png\" alt=\"\" class=\"wp-image-1578\" srcset=\"https:\/\/hannes.enjoys.it\/blog\/wp-content\/uploads\/image-27.png 400w, https:\/\/hannes.enjoys.it\/blog\/wp-content\/uploads\/image-27-300x179.png 300w\" sizes=\"auto, (max-width: 400px) 100vw, 400px\" \/><\/figure>\n<\/div>\n\n\n<p>Wir schalten uns dazu mit den TeilnehmerInnen via <a href=\"https:\/\/obs.ninja\/\">OBS.Ninja<\/a> in einer Videokonferenz zusammen. Dort wird auch das &#8220;Spielbrett&#8221; sichtbar sein und ein fairer, m\u00f6glichst verz\u00f6gerungsfreier Ablauf m\u00f6glich sein. Gebuzzert wird \u00fcber eine kleine Webseite, die idealerweise auf dem Handy ge\u00f6ffnet wird. Es muss nichts installiert werden. In den Konferenzstream wird ein zusammengestelltes Bild mit den TeilnehmerInnen, dem Spielbrett und den Hosts \u00fcbermittelt.<\/p>\n\n\n\n<p>Es wird garantiert lustig, chaotisch, lehrreich, am\u00fcsant und f\u00fcr alle Beteiligten ein Heidenspa\u00df. Nur keine Hemmungen! Welche Kartenprojektion ist nochmal die, wo Gr\u00f6nland so gro\u00df wie Afrika dargestellt wird? Was macht <a href=\"https:\/\/docs.qgis.org\/2.8\/en\/_images\/mActionCalculateField.png\">dieses Icon<\/a> in QGIS? Was f\u00fcr ein Datenformat ist <code>{\"type\": \"Point\", \"coordinates\": [10, 20]}<\/code>? Welches Logo ist <a href=\"https:\/\/mpng.subpng.com\/20180328\/ige\/kisspng-leaflet-javascript-library-web-browser-plug-in-sof-leaflet-5abbab56a7bfc0.9378939815222485346871.jpg\">das<\/a>? Wusstest du was? Dann spiel mit!<\/p>\n\n\n\n<h2 class=\"wp-block-heading\">Anmeldung<\/h2>\n\n\n\n<p>Wenn Du mitspielen m\u00f6chtest, schicke mir einfach eine Mail an <strong>fossgis \u00c4t johanneskroeger P\u00fcnktchen de<\/strong>. Du brauchst das \u00fcbliche Standard-Setup f\u00fcr 2020\/2021: Mikrofon+Webcam, eine m\u00f6glichst stabile Internetverbindung, idealerweise ein Handy in der Hand (f\u00fcr den Buzzer) und gute Laune. Weitere Infos zum Ablauf folgen dann.<\/p>\n\n\n\n<p>Bisher sind <strong>6\/8<\/strong> Pl\u00e4tzen reserviert. Bei gro\u00dfem Andrang k\u00f6nnen wir weitere Runden spielen und damit bis zu 16 Personen unterbringen, also bitte ohne Hemmungen anmelden!<\/p>\n\n\n\n<h2 class=\"wp-block-heading\">Preise<\/h2>\n\n\n\n<figure class=\"wp-block-image size-large\"><img loading=\"lazy\" decoding=\"async\" width=\"1024\" height=\"723\" src=\"https:\/\/hannes.enjoys.it\/blog\/wp-content\/uploads\/Preise_final_final_2-page001-crop-1024x723.png\" alt=\"\" class=\"wp-image-1587\" srcset=\"https:\/\/hannes.enjoys.it\/blog\/wp-content\/uploads\/Preise_final_final_2-page001-crop-1024x723.png 1024w, https:\/\/hannes.enjoys.it\/blog\/wp-content\/uploads\/Preise_final_final_2-page001-crop-300x212.png 300w, https:\/\/hannes.enjoys.it\/blog\/wp-content\/uploads\/Preise_final_final_2-page001-crop-768x542.png 768w, https:\/\/hannes.enjoys.it\/blog\/wp-content\/uploads\/Preise_final_final_2-page001-crop-624x441.png 624w, https:\/\/hannes.enjoys.it\/blog\/wp-content\/uploads\/Preise_final_final_2-page001-crop.png 1422w\" sizes=\"auto, (max-width: 1024px) 100vw, 1024px\" \/><\/figure>\n\n\n\n<p>Dank spendabler Sponsoren gibt es unglaubliches Angebot an Preisen mit einem gesch\u00e4tzten Gesamtwert von mehr als 1500 \u20ac. Unterst\u00fctzer sind (in zuf\u00e4lliger Reihenfolge): <a href=\"https:\/\/sgs.geodatenzentrum.de\/web_flowServer\/kshop?step=home&amp;action=show&amp;expand_PR=false\">Bundesamt f\u00fcr Kartographie und Geod\u00e4sie<\/a>, <a href=\"https:\/\/oreilly.de\/\">O&#8217;Reilly<\/a>, <a href=\"https:\/\/diercke.westermann.de\/\">Diercke\/Westermann<\/a>, <a href=\"https:\/\/www.garmin.com\/de-DE\/\">Garmin<\/a>, <a href=\"https:\/\/kinderkiez.net\/\">Kinderkiez<\/a>, <a href=\"https:\/\/middleearthsmaps.com\/collections\/my-favourite-square\">MiddleEarthsMaps<\/a>, <a href=\"https:\/\/osmand.net\">OsmAnd<\/a>, <a href=\"https:\/\/opencagedata.com\/\">OpenCage<\/a>, <a href=\"https:\/\/wheregroup.com\/\">WhereGroup<\/a>, <a href=\"https:\/\/www.maptiler.com\/\">Maptiler<\/a> sowie besondere \ud83d\udc83\ud83d\udd7a-Personen.<\/p>\n\n\n\n<p>Jede\/r TeilnehmerIn darf sich am Ende eines Spiels einen Preis &#8211; oder sogar mehrere &#8211; aussuchen. Wer gewinnt, w\u00e4hlt nat\u00fcrlich zuerst, aber niemand geht leer aus. Im Gegenteil!<\/p>\n\n\n\n<p>Und h\u00f6chstwahrscheinlich wird es auch Publikumspreise f\u00fcr aufmerksame Besserwisser geben.<\/p>\n\n\n\n<p>Es gibt \u2014 verschiedene Landkarten f\u00fcr den Rucksack und die Wand, Kleidung mit und ohne Karten drauf, Atlanten, einen Globus, typischen Swag, einen Kinderspielkartenteppich, eine individuell gezeichnete Karte, diverse B\u00fccher, Navigationssoftware, ein riesiges LEGO-Set und ein GPS-Handheld-Ger\u00e4t.<\/p>\n\n\n\n<h2 class=\"wp-block-heading\">Was wurde gespielt?<\/h2>\n\n\n\n<p>Hier die beiden &#8220;Spielbretter&#8221;:<\/p>\n\n\n\n<p><a href=\"https:\/\/hannes.enjoys.it\/geo\/fossgis%20jeopardy\/alt\/set_20210607.yml.html\">https:\/\/hannes.enjoys.it\/geo\/fossgis%20jeopardy\/alt\/set_20210607.yml.html<\/a><\/p>\n\n\n\n<p><a href=\"https:\/\/hannes.enjoys.it\/geo\/fossgis%20jeopardy\/alt\/set_20210608.yml.html\">https:\/\/hannes.enjoys.it\/geo\/fossgis%20jeopardy\/alt\/set_20210608.yml.html<\/a><\/p>\n\n\n\n<p>Zus\u00e4tzlich wurde das Publikum befragt:<\/p>\n\n\n\n<p><a href=\"https:\/\/hannes.enjoys.it\/geo\/fossgis%20jeopardy\/alt\/set_20210608_publikum.yml.html\">https:\/\/hannes.enjoys.it\/geo\/fossgis%20jeopardy\/alt\/set_20210608_publikum.yml.html<\/a><\/p>\n\n\n\n<h2 class=\"wp-block-heading\">Aufzeichnungen<\/h2>\n\n\n\n<figure class=\"wp-block-embed is-type-wp-embed is-provider-media-ccc-de wp-block-embed-media-ccc-de\"><div class=\"wp-block-embed__wrapper\">\n<iframe loading=\"lazy\" class=\"wp-embedded-content\" sandbox=\"allow-scripts\" security=\"restricted\" title=\"FOSSGIS-Jeopardy #1\" src=\"https:\/\/media.ccc.de\/v\/fossgis2021-7648-fossgis-jeopardy-1\/oembed#?secret=jXz4kgLwpq\" data-secret=\"jXz4kgLwpq\" width=\"625\" height=\"720\" frameborder=\"0\" scrolling=\"no\"><\/iframe>\n<\/div><\/figure>\n\n\n\n<figure class=\"wp-block-embed is-type-wp-embed is-provider-media-ccc-de wp-block-embed-media-ccc-de\"><div class=\"wp-block-embed__wrapper\">\n<iframe loading=\"lazy\" class=\"wp-embedded-content\" sandbox=\"allow-scripts\" security=\"restricted\" title=\"FOSSGIS-Jeopardy #2\" src=\"https:\/\/media.ccc.de\/v\/fossgis2021-9456-fossgis-jeopardy-2\/oembed#?secret=otbimfYmNk\" data-secret=\"otbimfYmNk\" width=\"625\" height=\"720\" frameborder=\"0\" scrolling=\"no\"><\/iframe>\n<\/div><\/figure>\n","protected":false},"excerpt":{"rendered":"<p>Charlotte Pusch und ich hosten auf der diesj\u00e4hrigen FOSSGIS-Konferenz ein Jeopardy-Quiz ganz im Stil des 2019er OSM-Quiz bzw. des legend\u00e4ren Hacker-Jeopardy. Jeweils am Ende des regul\u00e4ren Konferenztages um 17:30 am Montag und Dienstag. Hier mal Informationen zum Ablauf, zur Anmeldung und zu den grandiosen Preisen. Genereller Ablauf Jeopardy ist ein ungekehrtes Frage-Antwort-Spiel. Es erscheint eine [&hellip;]<\/p>\n","protected":false},"author":1,"featured_media":0,"parent":0,"menu_order":0,"comment_status":"closed","ping_status":"closed","template":"","meta":{"footnotes":""},"class_list":["post-1568","page","type-page","status-publish","hentry"],"_links":{"self":[{"href":"https:\/\/hannes.enjoys.it\/blog\/wp-json\/wp\/v2\/pages\/1568","targetHints":{"allow":["GET"]}}],"collection":[{"href":"https:\/\/hannes.enjoys.it\/blog\/wp-json\/wp\/v2\/pages"}],"about":[{"href":"https:\/\/hannes.enjoys.it\/blog\/wp-json\/wp\/v2\/types\/page"}],"author":[{"embeddable":true,"href":"https:\/\/hannes.enjoys.it\/blog\/wp-json\/wp\/v2\/users\/1"}],"replies":[{"embeddable":true,"href":"https:\/\/hannes.enjoys.it\/blog\/wp-json\/wp\/v2\/comments?post=1568"}],"version-history":[{"count":21,"href":"https:\/\/hannes.enjoys.it\/blog\/wp-json\/wp\/v2\/pages\/1568\/revisions"}],"predecessor-version":[{"id":1857,"href":"https:\/\/hannes.enjoys.it\/blog\/wp-json\/wp\/v2\/pages\/1568\/revisions\/1857"}],"wp:attachment":[{"href":"https:\/\/hannes.enjoys.it\/blog\/wp-json\/wp\/v2\/media?parent=1568"}],"curies":[{"name":"wp","href":"https:\/\/api.w.org\/{rel}","templated":true}]}}