{"id":1873,"date":"2023-03-12T23:15:47","date_gmt":"2023-03-12T22:15:47","guid":{"rendered":"https:\/\/hannes.enjoys.it\/blog\/?page_id=1873"},"modified":"2024-02-05T16:59:42","modified_gmt":"2024-02-05T15:59:42","slug":"fossgis-jeopardy-2023","status":"publish","type":"page","link":"https:\/\/hannes.enjoys.it\/blog\/fossgis-jeopardy-2023\/","title":{"rendered":"FOSSGIS-Jeopardy 2023"},"content":{"rendered":"\n<p>Nach dem gro\u00dfen Erfolg der FOSSGIS-Jeopardys in den letzten Jahren veranstalten wir auch zur FOSSGIS 2023 wieder eine lustige <s>Rate<\/s>Wissensrunde. Diesmal am Freitagnachmittag, in echt, auf der B\u00fchne, mit Buzzern zum Draufhauen! Als Moderationsteam diesmal <a href=\"https:\/\/www.geographie.hu-berlin.de\/de\/Members\/lakes_tobia\">Tobia Lakes<\/a> von der HU Berlin und ich.<\/p>\n\n\n\n<p>Hier mal Informationen zum <strong>Ablauf<\/strong>, zur <strong>Anmeldung<\/strong> und zu den <em>grandiosen<\/em> <strong>Preisen<\/strong>. Bzw: <strong>Ich nix Zeit gerade, hier nur Kurzinfos gerade, sorry.<\/strong><\/p>\n\n\n\n<h2 class=\"wp-block-heading\" id=\"genereller-ablauf\">Genereller Ablauf<\/h2>\n\n\n\n<p>Jeopardy ist ein umgekehrtes Frage-Antwort-Spiel. Es erscheint eine Aussage oder ein Bild und die SpielerInnen versuchen, die passende Frage zu wissen. Klingt komplizierter als es ist. Zum Beispiel k\u00f6nnte eine Aussage sein &#8220;Dieser Verein veranstaltet die FOSSGIS-Konferenz&#8221; und eine richtige Frage dazu w\u00e4re &#8220;Was ist der FOSSGIS-Verein&#8221;. Die Aufgaben sind unterschiedlich viele Punkte wert und am Ende gewinnt der\/die SpielerIn mit den meisten Punkten.<\/p>\n\n\n\n<p>Wir planen mindestens eine Runde mit jeweils vier TeilnehmerInnen bzw. Teams zu spielen, die mit Humor, Spa\u00df und Kompetenz(???) ihr Wissen auf die Probe stellen. Dieses Jahr in echt, mit Buzzern zum Draufhauen und auf der gro\u00dfen B\u00fchne. Alle anderen KonferenzteilnehmerInnen k\u00f6nnen sich zur\u00fccklehnen und das Spiel live mitverfolgen.<\/p>\n\n\n\n<p>Es wird garantiert lustig, chaotisch, lehrreich, am\u00fcsant und f\u00fcr alle Beteiligten ein Heidenspa\u00df. Nur keine Hemmungen! Welche Kartenprojektion ist nochmal die, wo Gr\u00f6nland so gro\u00df wie Afrika dargestellt wird? Was macht <a href=\"https:\/\/docs.qgis.org\/2.8\/en\/_images\/mActionCalculateField.png\">dieses Icon<\/a> in QGIS? Was f\u00fcr ein Datenformat ist <code>{\"type\": \"Point\", \"coordinates\": [10, 20]}<\/code>? Welches Logo ist <a href=\"https:\/\/mpng.subpng.com\/20180328\/ige\/kisspng-leaflet-javascript-library-web-browser-plug-in-sof-leaflet-5abbab56a7bfc0.9378939815222485346871.jpg\">das<\/a>? Wusstest du was? Dann spiel mit!<\/p>\n\n\n\n<h2 class=\"wp-block-heading\" id=\"anmeldung\">Anmeldung<\/h2>\n\n\n\n<p>Es k\u00f6nnen sich dieses Jahr auch <strong>Teams mit bis zu 3 Personen<\/strong> anmelden! Ein cooler Teamname ist nat\u00fcrlich ein Muss. Und ihr m\u00fcsst euch ggf. Preise teilen.<\/p>\n\n\n\n<p>Wenn Du mitspielen m\u00f6chtest, schicke mir einfach eine Mail an <strong>fossgis \u00c4t johanneskroeger P\u00fcnktchen de<\/strong>. Oder sprich mich auf der FOSSGIS direkt an. Weitere Infos zum Ablauf folgen dann per individueller Mail.<\/p>\n\n\n\n<p><strong>Aktuell sind noch 2\/4 Pl\u00e4tze verf\u00fcgbar.<\/strong><\/p>\n\n\n\n<p>Eventuell gibt es letzte Pl\u00e4tze direkt in der Session, aber wer sichergehen will, sagt vorher Bescheid. ;)<\/p>\n\n\n\n<h2 class=\"wp-block-heading\" id=\"preise\">Preise<\/h2>\n\n\n\n<p>Es gibt wieder eine Menge toller Preise zu gewinnen! Mehr dazu sp\u00e4ter.<\/p>\n\n\n\n<p>Jede\/r TeilnehmerIn darf sich am Ende eines Spiels einen Preis &#8211; oder sogar mehrere &#8211; aussuchen. Wer gewinnt, w\u00e4hlt nat\u00fcrlich zuerst, aber niemand geht leer aus. Im Gegenteil!<\/p>\n\n\n\n<p>Und es wird auch wieder Publikumspreise f\u00fcr aufmerksame Besserwisser geben.<\/p>\n\n\n\n<p><\/p>\n","protected":false},"excerpt":{"rendered":"<p>Nach dem gro\u00dfen Erfolg der FOSSGIS-Jeopardys in den letzten Jahren veranstalten wir auch zur FOSSGIS 2023 wieder eine lustige RateWissensrunde. Diesmal am Freitagnachmittag, in echt, auf der B\u00fchne, mit Buzzern zum Draufhauen! Als Moderationsteam diesmal Tobia Lakes von der HU Berlin und ich. Hier mal Informationen zum Ablauf, zur Anmeldung und zu den grandiosen Preisen. [&hellip;]<\/p>\n","protected":false},"author":1,"featured_media":0,"parent":0,"menu_order":0,"comment_status":"closed","ping_status":"closed","template":"","meta":{"footnotes":""},"class_list":["post-1873","page","type-page","status-publish","hentry"],"_links":{"self":[{"href":"https:\/\/hannes.enjoys.it\/blog\/wp-json\/wp\/v2\/pages\/1873","targetHints":{"allow":["GET"]}}],"collection":[{"href":"https:\/\/hannes.enjoys.it\/blog\/wp-json\/wp\/v2\/pages"}],"about":[{"href":"https:\/\/hannes.enjoys.it\/blog\/wp-json\/wp\/v2\/types\/page"}],"author":[{"embeddable":true,"href":"https:\/\/hannes.enjoys.it\/blog\/wp-json\/wp\/v2\/users\/1"}],"replies":[{"embeddable":true,"href":"https:\/\/hannes.enjoys.it\/blog\/wp-json\/wp\/v2\/comments?post=1873"}],"version-history":[{"count":10,"href":"https:\/\/hannes.enjoys.it\/blog\/wp-json\/wp\/v2\/pages\/1873\/revisions"}],"predecessor-version":[{"id":1990,"href":"https:\/\/hannes.enjoys.it\/blog\/wp-json\/wp\/v2\/pages\/1873\/revisions\/1990"}],"wp:attachment":[{"href":"https:\/\/hannes.enjoys.it\/blog\/wp-json\/wp\/v2\/media?parent=1873"}],"curies":[{"name":"wp","href":"https:\/\/api.w.org\/{rel}","templated":true}]}}